{"id":36,"date":"2025-01-13T16:48:04","date_gmt":"2025-01-13T16:48:04","guid":{"rendered":"https:\/\/cpempresarial.com.br\/?page_id=36"},"modified":"2025-01-21T15:04:48","modified_gmt":"2025-01-21T15:04:48","slug":"cpempresarial","status":"publish","type":"page","link":"https:\/\/cpempresarial.com.br\/","title":{"rendered":"cpempresarial"},"content":{"rendered":"<p>[et_pb_section fb_built=&#8221;1&#8243; _builder_version=&#8221;4.27.4&#8243; _module_preset=&#8221;default&#8221; use_background_color_gradient=&#8221;on&#8221; background_color_gradient_stops=&#8221;#000000 0%|#c1c1c1 100%&#8221; width=&#8221;100%&#8221; max_width=&#8221;100%&#8221; module_alignment=&#8221;center&#8221; min_height=&#8221;100%&#8221; max_height=&#8221;100%&#8221; custom_margin=&#8221;0px|0px|0px|0px|false|false&#8221; custom_padding=&#8221;0px|0px|0px|0px|false|false&#8221; global_colors_info=&#8221;{}&#8221;][et_pb_row _builder_version=&#8221;4.27.4&#8243; _module_preset=&#8221;default&#8221; width=&#8221;100%&#8221; max_width=&#8221;2560px&#8221; module_alignment=&#8221;center&#8221; min_height=&#8221;100vh&#8221; custom_margin=&#8221;0px|0px|0px|0px|false|false&#8221; custom_padding=&#8221;0px|0px|0px|0px|false|false&#8221; global_colors_info=&#8221;{}&#8221;][et_pb_column type=&#8221;4_4&#8243; _builder_version=&#8221;4.27.4&#8243; _module_preset=&#8221;default&#8221; global_colors_info=&#8221;{}&#8221;][et_pb_image src=&#8221;https:\/\/cpempresarial.com.br\/wp-content\/uploads\/2024\/12\/cp-logo.png&#8221; alt=&#8221;CP Empresarial&#8221; title_text=&#8221;CP Empresarial&#8221; align=&#8221;center&#8221; _builder_version=&#8221;4.27.4&#8243; _module_preset=&#8221;default&#8221; custom_margin=&#8221;180px||||false|false&#8221; global_colors_info=&#8221;{}&#8221;][\/et_pb_image][\/et_pb_column][\/et_pb_row][\/et_pb_section][et_pb_section fb_built=&#8221;1&#8243; admin_label=&#8221;Sobre&#8221; module_id=&#8221;sobre&#8221; _builder_version=&#8221;4.27.4&#8243; _module_preset=&#8221;default&#8221; global_colors_info=&#8221;{}&#8221;][et_pb_row _builder_version=&#8221;4.27.4&#8243; _module_preset=&#8221;default&#8221; custom_padding=&#8221;||160px||false|false&#8221; global_colors_info=&#8221;{}&#8221;][et_pb_column type=&#8221;4_4&#8243; _builder_version=&#8221;4.27.4&#8243; _module_preset=&#8221;default&#8221; global_colors_info=&#8221;{}&#8221;][et_pb_text _builder_version=&#8221;4.27.4&#8243; _module_preset=&#8221;default&#8221; header_2_text_align=&#8221;center&#8221; header_2_text_color=&#8221;#FFFFFF&#8221; background_color=&#8221;#515151&#8243; custom_padding=&#8221;16px||6px||false|false&#8221; border_radii=&#8221;on|16px|16px|16px|16px&#8221; global_colors_info=&#8221;{}&#8221;]<\/p>\n<h2>QUEM SOMOS<\/h2>\n<p>[\/et_pb_text][et_pb_text _builder_version=&#8221;4.27.4&#8243; _module_preset=&#8221;default&#8221; text_font_size=&#8221;20px&#8221; text_line_height=&#8221;1.8em&#8221; text_orientation=&#8221;justified&#8221; global_colors_info=&#8221;{}&#8221;]<\/p>\n<h2>Carlos Pereira<\/h2>\n<p>Carlos Pereira come\u00e7ou sua jornada profissional na \u00e1rea de contabilidade em 2008 e desde ent\u00e3o acumulou vasta experi\u00eancia e conhecimento. Em meados de 2023, ele estabeleceu a CP ASSESSORIA EMPRESARIAL com o objetivo de fornecer servi\u00e7os empresariais voltados para impulsionar as atividades dos empreendedores.<br \/>A empresa, CP ASSESSORIA EMPRESARIAL, emprega t\u00e9cnicas cont\u00e1beis sofisticadas, respaldadas pelos padr\u00f5es da Receita Federal do Brasil e jurisprud\u00eancias dos Tribunais Superiores. Promovendo ao seu cliente solu\u00e7\u00f5es pr\u00e1ticas, inovadoras e seguras, visando a otimiza\u00e7\u00e3o financeira e fiscal, o que resulta em maior lucratividade ao final do per\u00edodo cont\u00e1bil.<\/p>\n<p>A proposta da empresa CP ASSESSORIA EMPRESARIAL \u00e9 assegurar que os tributos sejam pagos de forma justa, precisa e legal, trabalhando incansavelmente para garantir a conformidade tribut\u00e1ria e, ao mesmo tempo, maximizar os resultados financeiros de seus clientes.<\/p>\n<p>[\/et_pb_text][\/et_pb_column][\/et_pb_row][et_pb_row column_structure=&#8221;1_3,1_3,1_3&#8243; custom_padding_last_edited=&#8221;on|desktop&#8221; _builder_version=&#8221;4.27.4&#8243; _module_preset=&#8221;default&#8221; background_color=&#8221;#000000&#8243; background_image=&#8221;https:\/\/cpempresarial.com.br\/wp-content\/uploads\/2025\/01\/cp-fundo.jpg&#8221; background_size=&#8221;initial&#8221; background_repeat=&#8221;repeat&#8221; width=&#8221;100%&#8221; max_width=&#8221;2560px&#8221; module_alignment=&#8221;center&#8221; custom_margin=&#8221;||||false|false&#8221; custom_padding=&#8221;|150px||150px|false|false&#8221; custom_padding_tablet=&#8221;|12px||12px|false|false&#8221; custom_padding_phone=&#8221;|12px||12px|false|false&#8221; global_colors_info=&#8221;{}&#8221;][et_pb_column type=&#8221;1_3&#8243; _builder_version=&#8221;4.27.4&#8243; _module_preset=&#8221;default&#8221; global_colors_info=&#8221;{}&#8221;][et_pb_text _builder_version=&#8221;4.27.4&#8243; _module_preset=&#8221;default&#8221; text_text_color=&#8221;#FFFFFF&#8221; text_font_size=&#8221;20px&#8221; text_line_height=&#8221;1.8em&#8221; header_2_font=&#8221;|700|||||||&#8221; header_2_text_align=&#8221;center&#8221; header_2_text_color=&#8221;#FFFFFF&#8221; text_orientation=&#8221;center&#8221; global_colors_info=&#8221;{}&#8221;]<\/p>\n<h2>Miss\u00e3o<\/h2>\n<p>Facilitar a dedica\u00e7\u00e3o exclusiva dos empres\u00e1rios \u00e0s suas atividades principais atrav\u00e9s de servi\u00e7os empresariais de back office, reduzindo custos e impulsionando a produtividade e lucratividade.<\/p>\n<p>[\/et_pb_text][\/et_pb_column][et_pb_column type=&#8221;1_3&#8243; _builder_version=&#8221;4.27.4&#8243; _module_preset=&#8221;default&#8221; global_colors_info=&#8221;{}&#8221;][et_pb_text _builder_version=&#8221;4.27.4&#8243; _module_preset=&#8221;default&#8221; text_text_color=&#8221;#FFFFFF&#8221; text_font_size=&#8221;20px&#8221; text_line_height=&#8221;1.8em&#8221; header_2_font=&#8221;|700|||||||&#8221; header_2_text_align=&#8221;center&#8221; header_2_text_color=&#8221;#FFFFFF&#8221; text_orientation=&#8221;center&#8221; global_colors_info=&#8221;{}&#8221;]<\/p>\n<h2>Vis\u00e3o<\/h2>\n<p>Ser reconhecidos nacionalmente como s\u00edmbolo de Qualidade, Confian\u00e7a e Inova\u00e7\u00e3o, evidenciados pelos \u00eaxitos alcan\u00e7ados por nossos clientes.<\/p>\n<p>[\/et_pb_text][\/et_pb_column][et_pb_column type=&#8221;1_3&#8243; _builder_version=&#8221;4.27.4&#8243; _module_preset=&#8221;default&#8221; global_colors_info=&#8221;{}&#8221;][et_pb_text _builder_version=&#8221;4.27.4&#8243; _module_preset=&#8221;default&#8221; text_text_color=&#8221;#FFFFFF&#8221; text_font_size=&#8221;20px&#8221; text_line_height=&#8221;1.8em&#8221; header_2_font=&#8221;|700|||||||&#8221; header_2_text_align=&#8221;center&#8221; header_2_text_color=&#8221;#FFFFFF&#8221; text_orientation=&#8221;center&#8221; global_colors_info=&#8221;{}&#8221;]<\/p>\n<h2>Valores<\/h2>\n<p>Atuamos com adaptabilidade, promovemos transpar\u00eancia em nossas a\u00e7\u00f5es, investimos no desenvolvimento profissional da equipe e fomentamos a inova\u00e7\u00e3o em nossos servi\u00e7os, sempre oferecendo oportunidades que acreditamos serem vantajosas para nossos clientes.<\/p>\n<p>[\/et_pb_text][\/et_pb_column][\/et_pb_row][\/et_pb_section][et_pb_section fb_built=&#8221;1&#8243; module_id=&#8221;atuacao&#8221; _builder_version=&#8221;4.27.4&#8243; _module_preset=&#8221;default&#8221; use_background_color_gradient=&#8221;on&#8221; background_color_gradient_stops=&#8221;#000000 0%|#afafaf 100%&#8221; background_image=&#8221;https:\/\/cpempresarial.com.br\/wp-content\/uploads\/2025\/01\/cp-fundo.jpg&#8221; background_size=&#8221;initial&#8221; background_repeat=&#8221;repeat&#8221; global_colors_info=&#8221;{}&#8221;][et_pb_row _builder_version=&#8221;4.27.4&#8243; _module_preset=&#8221;default&#8221; global_colors_info=&#8221;{}&#8221;][et_pb_column type=&#8221;4_4&#8243; _builder_version=&#8221;4.27.4&#8243; _module_preset=&#8221;default&#8221; global_colors_info=&#8221;{}&#8221;][et_pb_text _builder_version=&#8221;4.27.4&#8243; _module_preset=&#8221;default&#8221; header_2_text_align=&#8221;center&#8221; header_2_text_color=&#8221;#FFFFFF&#8221; background_color=&#8221;#515151&#8243; custom_padding=&#8221;16px||6px||false|false&#8221; border_radii=&#8221;on|16px|16px|16px|16px&#8221; global_colors_info=&#8221;{}&#8221;]<\/p>\n<h2>\u00c1REAS DE ATUA\u00c7\u00c3O<\/h2>\n<p>[\/et_pb_text][\/et_pb_column][\/et_pb_row][et_pb_row column_structure=&#8221;1_2,1_2&#8243; _builder_version=&#8221;4.27.4&#8243; _module_preset=&#8221;default&#8221; global_colors_info=&#8221;{}&#8221;][et_pb_column type=&#8221;1_2&#8243; _builder_version=&#8221;4.27.4&#8243; _module_preset=&#8221;default&#8221; global_colors_info=&#8221;{}&#8221;][et_pb_toggle title=&#8221;Auditoria&#8221; open_toggle_text_color=&#8221;#000000&#8243; closed_toggle_text_color=&#8221;#515151&#8243; _builder_version=&#8221;4.27.4&#8243; _module_preset=&#8221;default&#8221; title_text_color=&#8221;#000000&#8243; title_level=&#8221;h2&#8243; title_font=&#8221;|700|||||||&#8221; title_font_size=&#8221;26px&#8221; body_text_color=&#8221;#515151&#8243; body_font_size=&#8221;18px&#8221; text_orientation=&#8221;left&#8221; global_colors_info=&#8221;{}&#8221;]<\/p>\n<ul>\n<li>Auditoria das Demonstra\u00e7\u00f5es Cont\u00e1beis;<\/li>\n<li>Auditoria Financeira;<\/li>\n<li>Auditoria Fiscal Permanente;<\/li>\n<li>Auditoria Sistemas Informatizados;<\/li>\n<li>Revis\u00e3o e Assessoria dos Atos Societ\u00e1rios;<\/li>\n<li>Auditoria de Procedimentos e Controles Internos.<\/li>\n<\/ul>\n<p>[\/et_pb_toggle][et_pb_image src=&#8221;https:\/\/cpempresarial.com.br\/wp-content\/uploads\/2025\/01\/auditoria.jpg&#8221; alt=&#8221;auditoria&#8221; title_text=&#8221;_auditoria&#8221; _builder_version=&#8221;4.27.4&#8243; _module_preset=&#8221;default&#8221; border_radii=&#8221;on|16px|16px|16px|16px&#8221; global_colors_info=&#8221;{}&#8221;][\/et_pb_image][et_pb_toggle title=&#8221;Assessoria Empresarial&#8221; open_toggle_text_color=&#8221;#000000&#8243; closed_toggle_text_color=&#8221;#515151&#8243; _builder_version=&#8221;4.27.4&#8243; _module_preset=&#8221;default&#8221; title_text_color=&#8221;#000000&#8243; title_level=&#8221;h2&#8243; title_font=&#8221;|700|||||||&#8221; title_font_size=&#8221;26px&#8221; body_text_color=&#8221;#515151&#8243; body_font_size=&#8221;18px&#8221; text_orientation=&#8221;left&#8221; global_colors_info=&#8221;{}&#8221;]<\/p>\n<p><strong>TAX &#8211; GEST\u00c3O, REVIS\u00c3O E RECUPERA\u00c7\u00c3O DE CR\u00c9DITOS<\/strong><\/p>\n<ul>\n<li>An\u00e1lise e Revis\u00e3o Fiscal;<\/li>\n<li>An\u00e1lise e Revis\u00e3o Previdenci\u00e1ria;<\/li>\n<li>Retifica\u00e7\u00e3o e Procedimentos de Compensa\u00e7\u00e3o;<\/li>\n<li>Assessoria ao SISCRED.<\/li>\n<\/ul>\n<p><strong>TAX- JUR\u00cdDICO<\/strong><\/p>\n<ul>\n<li>FATURAMENTO<\/li>\n<\/ul>\n<p>&gt; PIS\/COFINS Exclus\u00e3o ICMS da base de c\u00e1lculo<br \/>&gt; PIS\/COFINS Exclus\u00e3o da base de c\u00e1lculos das pr\u00f3prias contribui\u00e7\u00f5es<br \/>&gt;Exclus\u00e3o do ICMS\/ISS\/PIS e COFINS da base de c\u00e1lculo da CPRB<\/p>\n<ul>\n<li>INSS<\/li>\n<\/ul>\n<p>&gt; Gest\u00e3o e an\u00e1lise de encargos.<\/p>\n<ul>\n<li>RESCIS\u00d5ES<\/li>\n<li>ENERGIA EL\u00c9TRICA<\/li>\n<\/ul>\n<p>&gt; Exclus\u00e3o da tarifa do sistema de distribui\u00e7\u00e3o (TUSD) e transmiss\u00e3o (TUST) de energia<br \/>el\u00e9trica da base e c\u00e1lculo do ICMS<br \/>&gt;Redu\u00e7\u00e3o da al\u00edquota do ICMS na aquisi\u00e7\u00e3o de energia el\u00e9trica<\/p>\n<p>[\/et_pb_toggle][et_pb_image src=&#8221;https:\/\/cpempresarial.com.br\/wp-content\/uploads\/2025\/01\/assessoria.jpg&#8221; alt=&#8221;assessoria empresarial&#8221; title_text=&#8221;_assessoria&#8221; _builder_version=&#8221;4.27.4&#8243; _module_preset=&#8221;default&#8221; border_radii=&#8221;on|16px|16px|16px|16px&#8221; global_colors_info=&#8221;{}&#8221;][\/et_pb_image][\/et_pb_column][et_pb_column type=&#8221;1_2&#8243; _builder_version=&#8221;4.27.4&#8243; _module_preset=&#8221;default&#8221; global_colors_info=&#8221;{}&#8221;][et_pb_toggle title=&#8221;Outsourcing&#8221; open_toggle_text_color=&#8221;#000000&#8243; closed_toggle_text_color=&#8221;#515151&#8243; _builder_version=&#8221;4.27.4&#8243; _module_preset=&#8221;default&#8221; title_text_color=&#8221;#000000&#8243; title_level=&#8221;h2&#8243; title_font=&#8221;|700|||||||&#8221; title_font_size=&#8221;26px&#8221; body_text_color=&#8221;#515151&#8243; body_font_size=&#8221;18px&#8221; text_orientation=&#8221;left&#8221; global_colors_info=&#8221;{}&#8221;]<\/p>\n<ul>\n<li>De m\u00e3o de obra in-loco ( Business support on demand);<\/li>\n<li>Parcial ou total de auditoria dos processos internos;<\/li>\n<li>Da contabilidade empresarial;<\/li>\n<li>Da gest\u00e3o de finan\u00e7as;<\/li>\n<li>Da gest\u00e3o de custos;<\/li>\n<li>Da gest\u00e3o de riscos;<\/li>\n<li>Da escritura e apura\u00e7\u00e3o fiscal\/impostos;<\/li>\n<li>Do departamento pessoal e RH;<\/li>\n<li>Do suporte da Tecnologia da Informa\u00e7\u00e3o;<\/li>\n<li>Da melhoria dos processos internos.<\/li>\n<\/ul>\n<p>[\/et_pb_toggle][et_pb_image src=&#8221;https:\/\/cpempresarial.com.br\/wp-content\/uploads\/2025\/01\/outsourcing.jpg&#8221; alt=&#8221;outsourcing&#8221; title_text=&#8221;_outsourcing&#8221; _builder_version=&#8221;4.27.4&#8243; _module_preset=&#8221;default&#8221; border_radii=&#8221;on|16px|16px|16px|16px&#8221; global_colors_info=&#8221;{}&#8221;][\/et_pb_image][et_pb_toggle title=&#8221;Assessoria Jur\u00eddica&#8221; open_toggle_text_color=&#8221;#000000&#8243; closed_toggle_text_color=&#8221;#515151&#8243; _builder_version=&#8221;4.27.4&#8243; _module_preset=&#8221;default&#8221; title_text_color=&#8221;#000000&#8243; title_level=&#8221;h2&#8243; title_font=&#8221;|700|||||||&#8221; title_font_size=&#8221;26px&#8221; body_text_color=&#8221;#515151&#8243; body_font_size=&#8221;18px&#8221; text_orientation=&#8221;left&#8221; hover_enabled=&#8221;0&#8243; global_colors_info=&#8221;{}&#8221; sticky_enabled=&#8221;0&#8243;]<\/p>\n<ul>\n<li>CONSULTIVO<\/li>\n<\/ul>\n<p>Elaboramos Parecer Jur\u00eddico, a fim de orientarmos nossos clientes a tomarem decis\u00f5es fundamentadas.<br \/>An\u00e1lise e Elabora\u00e7\u00e3o de Contratos.<\/p>\n<ul>\n<li>CONTENCIOSO ADMINISTRATIVO<\/li>\n<\/ul>\n<p>Direito Tribut\u00e1rio Administrativo Municipal, Estadual e Federal: atuamos em todas as inst\u00e2ncias administrativas, inclusive, com a realiza\u00e7\u00e3o de sustenta\u00e7\u00e3o oral perante os Conselhos julgadores.<\/p>\n<ul>\n<li>CONTENCIOSO JUDICIAL<\/li>\n<\/ul>\n<p>Direito Tribut\u00e1rio;<br \/>Direito C\u00edvil;<br \/>Direito do Consumidor;<br \/>Direito de Trabalho Patronal.<br \/>Holding de Participa\u00e7\u00f5es e Patrimonial<\/p>\n<p>[\/et_pb_toggle][et_pb_image src=&#8221;https:\/\/cpempresarial.com.br\/wp-content\/uploads\/2025\/01\/assessoria2.jpg&#8221; alt=&#8221;assessoria juridica&#8221; title_text=&#8221;_assessoria2&#8243; _builder_version=&#8221;4.27.4&#8243; _module_preset=&#8221;default&#8221; border_radii=&#8221;on|16px|16px|16px|16px&#8221; global_colors_info=&#8221;{}&#8221;][\/et_pb_image][\/et_pb_column][\/et_pb_row][\/et_pb_section][et_pb_section fb_built=&#8221;1&#8243; module_id=&#8221;contato&#8221; _builder_version=&#8221;4.27.4&#8243; _module_preset=&#8221;default&#8221; background_color=&#8221;#000000&#8243; global_colors_info=&#8221;{}&#8221;][et_pb_row column_structure=&#8221;1_2,1_2&#8243; _builder_version=&#8221;4.27.4&#8243; _module_preset=&#8221;default&#8221; global_colors_info=&#8221;{}&#8221;][et_pb_column type=&#8221;1_2&#8243; _builder_version=&#8221;4.27.4&#8243; _module_preset=&#8221;default&#8221; global_colors_info=&#8221;{}&#8221;][et_pb_image src=&#8221;https:\/\/cpempresarial.com.br\/wp-content\/uploads\/2024\/12\/cp-logo.png&#8221; alt=&#8221;CP Empresarial&#8221; title_text=&#8221;CP Empresarial&#8221; align=&#8221;center&#8221; _builder_version=&#8221;4.27.4&#8243; _module_preset=&#8221;default&#8221; animation_style=&#8221;fade&#8221; global_colors_info=&#8221;{}&#8221;][\/et_pb_image][\/et_pb_column][et_pb_column type=&#8221;1_2&#8243; _builder_version=&#8221;4.27.4&#8243; _module_preset=&#8221;default&#8221; global_colors_info=&#8221;{}&#8221;][et_pb_text _builder_version=&#8221;4.27.4&#8243; _module_preset=&#8221;default&#8221; header_2_text_align=&#8221;center&#8221; header_2_text_color=&#8221;#FFFFFF&#8221; background_color=&#8221;#515151&#8243; custom_padding=&#8221;16px||6px||false|false&#8221; border_radii=&#8221;on|16px|16px|16px|16px&#8221; global_colors_info=&#8221;{}&#8221;]<\/p>\n<h2>CONTATO<\/h2>\n<p>[\/et_pb_text][et_pb_text _builder_version=&#8221;4.27.4&#8243; _module_preset=&#8221;default&#8221; text_text_color=&#8221;#FFFFFF&#8221; text_font_size=&#8221;16px&#8221; global_colors_info=&#8221;{}&#8221;]<\/p>\n<p><img loading=\"lazy\" decoding=\"async\" class=\"wp-image-121 size-full alignleft\" src=\"https:\/\/cpempresarial.com.br\/wp-content\/uploads\/2025\/01\/icon-whatsapp.png\" alt=\"whatsapp\" width=\"40\" height=\"40\" \/><a href=\"https:\/\/web.whatsapp.com\/send?phone=5541984843136\">(41) 9 8484-3136<\/a><\/p>\n<p>[\/et_pb_text][et_pb_text _builder_version=&#8221;4.27.4&#8243; _module_preset=&#8221;default&#8221; text_text_color=&#8221;#FFFFFF&#8221; text_font_size=&#8221;16px&#8221; global_colors_info=&#8221;{}&#8221;]<\/p>\n<p><img loading=\"lazy\" decoding=\"async\" class=\"wp-image-122 size-full alignleft\" src=\"https:\/\/cpempresarial.com.br\/wp-content\/uploads\/2025\/01\/icon-email.png\" alt=\"email\" width=\"40\" height=\"40\" \/><a href=\"mailto:contato@cpempresarial.com.br\">contato@cpempresarial.com.br<\/a><\/p>\n<p>[\/et_pb_text][et_pb_text _builder_version=&#8221;4.27.4&#8243; _module_preset=&#8221;default&#8221; text_text_color=&#8221;#FFFFFF&#8221; text_font_size=&#8221;16px&#8221; global_colors_info=&#8221;{}&#8221;]<\/p>\n<p><img loading=\"lazy\" decoding=\"async\" class=\"wp-image-124 size-full alignleft\" src=\"https:\/\/cpempresarial.com.br\/wp-content\/uploads\/2025\/01\/icon-instagram.png\" alt=\"instagram\" width=\"40\" height=\"40\" \/><a href=\"https:\/\/www.instagram.com\/cpempresarial\/\">@cpempresarial<\/a><\/p>\n<p>[\/et_pb_text][et_pb_text _builder_version=&#8221;4.27.4&#8243; _module_preset=&#8221;default&#8221; text_text_color=&#8221;#FFFFFF&#8221; text_font_size=&#8221;16px&#8221; global_colors_info=&#8221;{}&#8221;]<\/p>\n<p><img loading=\"lazy\" decoding=\"async\" class=\"wp-image-125 size-full alignleft\" src=\"https:\/\/cpempresarial.com.br\/wp-content\/uploads\/2025\/01\/icon-endereco.png\" alt=\"endereco\" width=\"40\" height=\"40\" \/>R. Padre Germano Mayer, n\u00b0 1894 &#8211; Hugo Lange, Curitiba.<\/p>\n<p>[\/et_pb_text][\/et_pb_column][\/et_pb_row][\/et_pb_section]<\/p>\n","protected":false},"excerpt":{"rendered":"<p>QUEM SOMOSCarlos Pereira Carlos Pereira come\u00e7ou sua jornada profissional na \u00e1rea de contabilidade em 2008 e desde ent\u00e3o acumulou vasta experi\u00eancia e conhecimento. Em meados de 2023, ele estabeleceu a CP ASSESSORIA EMPRESARIAL com o objetivo de fornecer servi\u00e7os empresariais voltados para impulsionar as atividades dos empreendedores.A empresa, CP ASSESSORIA EMPRESARIAL, emprega t\u00e9cnicas cont\u00e1beis sofisticadas, [&hellip;]<\/p>\n","protected":false},"author":1,"featured_media":16,"parent":0,"menu_order":0,"comment_status":"closed","ping_status":"closed","template":"","meta":{"_et_pb_use_builder":"on","_et_pb_old_content":"","_et_gb_content_width":"","_joinchat":[],"footnotes":""},"class_list":["post-36","page","type-page","status-publish","has-post-thumbnail","hentry"],"_links":{"self":[{"href":"https:\/\/cpempresarial.com.br\/index.php?rest_route=\/wp\/v2\/pages\/36","targetHints":{"allow":["GET"]}}],"collection":[{"href":"https:\/\/cpempresarial.com.br\/index.php?rest_route=\/wp\/v2\/pages"}],"about":[{"href":"https:\/\/cpempresarial.com.br\/index.php?rest_route=\/wp\/v2\/types\/page"}],"author":[{"embeddable":true,"href":"https:\/\/cpempresarial.com.br\/index.php?rest_route=\/wp\/v2\/users\/1"}],"replies":[{"embeddable":true,"href":"https:\/\/cpempresarial.com.br\/index.php?rest_route=%2Fwp%2Fv2%2Fcomments&post=36"}],"version-history":[{"count":60,"href":"https:\/\/cpempresarial.com.br\/index.php?rest_route=\/wp\/v2\/pages\/36\/revisions"}],"predecessor-version":[{"id":165,"href":"https:\/\/cpempresarial.com.br\/index.php?rest_route=\/wp\/v2\/pages\/36\/revisions\/165"}],"wp:featuredmedia":[{"embeddable":true,"href":"https:\/\/cpempresarial.com.br\/index.php?rest_route=\/wp\/v2\/media\/16"}],"wp:attachment":[{"href":"https:\/\/cpempresarial.com.br\/index.php?rest_route=%2Fwp%2Fv2%2Fmedia&parent=36"}],"curies":[{"name":"wp","href":"https:\/\/api.w.org\/{rel}","templated":true}]}}